{"id":109,"date":"2017-07-27T12:36:52","date_gmt":"2017-07-27T10:36:52","guid":{"rendered":"http:\/\/creche-enfanfare.fr\/?page_id=109"},"modified":"2026-02-20T10:22:57","modified_gmt":"2026-02-20T09:22:57","slug":"accueil","status":"publish","type":"page","link":"https:\/\/creche-enfanfare.fr\/","title":{"rendered":"Accueil"},"content":{"rendered":"<p>Bienvenue sur le site de la cr\u00e8che ENFANFARE dans ses nouveaux locaux !<\/p>\n<p>Bonne visite \ud83d\ude42<\/p>\n<p>Toutes les demandes d&rsquo;accueil\u00a0doivent <span style=\"color: #ff0000;\">OBLIGATOIREMENT<\/span> passer par l&rsquo;inscription au <a title=\"http:\/\/www.nantes.fr\/home\/a-votre-service\/fiches-pratiques\/petite-enfance\/demander-une-place-en-multi-accu.html\" href=\"https:\/\/eservices.nantesmetropole.fr\/creches-multi-accueils\" target=\"_blank\" rel=\"noopener noreferrer\">Guichet Unique de la Ville de Nantes.<\/a><\/p>\n<p>Le <a title=\"http:\/\/www.nantes.fr\/home\/a-votre-service\/equipements\/petite-enfance\/relais-accueil-petite-enfance-ce.html\" href=\"https:\/\/metropole.nantes.fr\/accueil-enfance#serviceTocEntry0\" target=\"_blank\" rel=\"noopener noreferrer\">relais Petite Enfance<\/a> est \u00e9galement un partenaire privil\u00e9gi\u00e9.<\/p>\n<p>Merci de ne pas nous joindre directement (t\u00e9l\u00e9phone ou visite) pour un premier contact, la priorit\u00e9 de l&rsquo;\u00e9quipe \u00e9tant la prise en charge des enfants.<\/p>\n\n<div class=\"wp-block-image\">\n<figure class=\"aligncenter size-large\"><img loading=\"lazy\" decoding=\"async\" width=\"768\" height=\"1024\" src=\"https:\/\/creche-enfanfare.fr\/wp-content\/uploads\/2019\/11\/IMG-20190823-WA0022.jpg\" alt=\"\" class=\"wp-image-288\" srcset=\"https:\/\/creche-enfanfare.fr\/wp-content\/uploads\/2019\/11\/IMG-20190823-WA0022.jpg 768w, https:\/\/creche-enfanfare.fr\/wp-content\/uploads\/2019\/11\/IMG-20190823-WA0022-225x300.jpg 225w, https:\/\/creche-enfanfare.fr\/wp-content\/uploads\/2019\/11\/IMG-20190823-WA0022-750x1000.jpg 750w\" sizes=\"(max-width: 768px) 100vw, 768px\" \/><\/figure><\/div>\n\n\n<p>\ufeff<\/p>\n\n\n\n<h1 class=\"wp-block-heading has-text-align-center\"><strong>Retrouvez nous \u00e9galement sur : <\/strong><\/h1>\n\n\n\n<ul class=\"wp-block-social-links aligncenter has-huge-icon-size is-layout-flex wp-block-social-links-is-layout-flex\"><li class=\"wp-social-link wp-social-link-facebook  wp-block-social-link\"><a href=\"https:\/\/www.facebook.com\/people\/Creche-Enfanfare\/pfbid04LeQwduJdsaP6j3cFGhW6pYNKcu7DkndtDovvbVR4Wi9ZpiUk4pdW5MdELdsxgERl\/\" class=\"wp-block-social-link-anchor\"><svg width=\"24\" height=\"24\" viewBox=\"0 0 24 24\" version=\"1.1\" xmlns=\"http:\/\/www.w3.org\/2000\/svg\" aria-hidden=\"true\" focusable=\"false\"><path d=\"M12 2C6.5 2 2 6.5 2 12c0 5 3.7 9.1 8.4 9.9v-7H7.9V12h2.5V9.8c0-2.5 1.5-3.9 3.8-3.9 1.1 0 2.2.2 2.2.2v2.5h-1.3c-1.2 0-1.6.8-1.6 1.6V12h2.8l-.4 2.9h-2.3v7C18.3 21.1 22 17 22 12c0-5.5-4.5-10-10-10z\"><\/path><\/svg><span class=\"wp-block-social-link-label screen-reader-text\">Facebook<\/span><\/a><\/li><\/ul>\n","protected":false},"excerpt":{"rendered":"<p>Bienvenue sur le site de la cr\u00e8che ENFANFARE dans ses nouveaux locaux ! Bonne visite \ud83d\ude42 Toutes les demandes d&rsquo;accueil\u00a0doivent OBLIGATOIREMENT passer par l&rsquo;inscription au Guichet Unique de la Ville de Nantes. Le relais Petite Enfance est \u00e9galement un partenaire privil\u00e9gi\u00e9. Merci de ne pas nous joindre directement (t\u00e9l\u00e9phone ou visite) pour un premier contact, [&hellip;]<\/p>\n","protected":false},"author":1,"featured_media":0,"parent":0,"menu_order":0,"comment_status":"closed","ping_status":"closed","template":"page_fullwidth.php","meta":{"footnotes":""},"_links":{"self":[{"href":"https:\/\/creche-enfanfare.fr\/index.php?rest_route=\/wp\/v2\/pages\/109"}],"collection":[{"href":"https:\/\/creche-enfanfare.fr\/index.php?rest_route=\/wp\/v2\/pages"}],"about":[{"href":"https:\/\/creche-enfanfare.fr\/index.php?rest_route=\/wp\/v2\/types\/page"}],"author":[{"embeddable":true,"href":"https:\/\/creche-enfanfare.fr\/index.php?rest_route=\/wp\/v2\/users\/1"}],"replies":[{"embeddable":true,"href":"https:\/\/creche-enfanfare.fr\/index.php?rest_route=%2Fwp%2Fv2%2Fcomments&post=109"}],"version-history":[{"count":12,"href":"https:\/\/creche-enfanfare.fr\/index.php?rest_route=\/wp\/v2\/pages\/109\/revisions"}],"predecessor-version":[{"id":4692,"href":"https:\/\/creche-enfanfare.fr\/index.php?rest_route=\/wp\/v2\/pages\/109\/revisions\/4692"}],"wp:attachment":[{"href":"https:\/\/creche-enfanfare.fr\/index.php?rest_route=%2Fwp%2Fv2%2Fmedia&parent=109"}],"curies":[{"name":"wp","href":"https:\/\/api.w.org\/{rel}","templated":true}]}}