{"id":156,"date":"2017-07-27T14:00:36","date_gmt":"2017-07-27T12:00:36","guid":{"rendered":"http:\/\/creche-enfanfare.fr\/?page_id=156"},"modified":"2026-02-20T10:31:31","modified_gmt":"2026-02-20T09:31:31","slug":"nos-partenaires","status":"publish","type":"page","link":"https:\/\/creche-enfanfare.fr\/?page_id=156","title":{"rendered":"Nos partenaires"},"content":{"rendered":"<p><a title=\"https:\/\/www.caf.fr\/\" href=\"https:\/\/www.caf.fr\/\" target=\"_blank\" rel=\"noopener noreferrer\">Caisse d&rsquo;Allocations Familiales de Loire-Atlantique<\/a><\/p>\n<p><a title=\"http:\/\/www.nantes.fr\/home.html\" href=\"https:\/\/metropole.nantes.fr\/\" target=\"_blank\" rel=\"noopener noreferrer\">Ville de Nantes<\/a><\/p>\n<p><a title=\"http:\/\/www.nantes.fr\/home\/a-votre-service\/equipements\/petite-enfance\/relais-accueil-petite-enfance-ce.html\" href=\"https:\/\/metropole.nantes.fr\/accueil-enfance#serviceTocEntry0\" target=\"_blank\" rel=\"noopener noreferrer\">Le relais Petite Enfance<\/a><\/p>\n<p><a title=\"http:\/\/www.loire-atlantique.fr\/jcms\/services-fr-c_5026\" href=\"https:\/\/www.loire-atlantique.fr\/44\/accueil\/c_1155312\" target=\"_blank\" rel=\"noopener noreferrer\">Conseil g\u00e9n\u00e9ral de Loire-Atlantique<\/a><\/p>\n<p><a title=\"http:\/\/www.bebe-cash-nantes.com\/\" href=\"https:\/\/www.api-restauration.com\/innovations\/petite-enfance\/\" target=\"_blank\" rel=\"noopener noreferrer\">API<\/a><\/p>\n<p><a title=\"http:\/\/www.lecroqunotes.org\/index.html\" href=\"http:\/\/www.lecroqunotes.org\/\" target=\"_blank\" rel=\"noopener noreferrer\">Le Croqu&rsquo;Notes<\/a><\/p>\n<p><a href=\"http:\/\/www.sanivap.fr\/\">SANIVAP Nettoyage et d\u00e9sinfection vapeur | SANIVAP<\/a><\/p>\n\n\n<p><\/p>\n","protected":false},"excerpt":{"rendered":"<p>Caisse d&rsquo;Allocations Familiales de Loire-Atlantique Ville de Nantes Le relais Petite Enfance Conseil g\u00e9n\u00e9ral de Loire-Atlantique API Le Croqu&rsquo;Notes SANIVAP Nettoyage et d\u00e9sinfection vapeur | SANIVAP<\/p>\n","protected":false},"author":1,"featured_media":0,"parent":0,"menu_order":0,"comment_status":"closed","ping_status":"closed","template":"","meta":{"footnotes":""},"_links":{"self":[{"href":"https:\/\/creche-enfanfare.fr\/index.php?rest_route=\/wp\/v2\/pages\/156"}],"collection":[{"href":"https:\/\/creche-enfanfare.fr\/index.php?rest_route=\/wp\/v2\/pages"}],"about":[{"href":"https:\/\/creche-enfanfare.fr\/index.php?rest_route=\/wp\/v2\/types\/page"}],"author":[{"embeddable":true,"href":"https:\/\/creche-enfanfare.fr\/index.php?rest_route=\/wp\/v2\/users\/1"}],"replies":[{"embeddable":true,"href":"https:\/\/creche-enfanfare.fr\/index.php?rest_route=%2Fwp%2Fv2%2Fcomments&post=156"}],"version-history":[{"count":13,"href":"https:\/\/creche-enfanfare.fr\/index.php?rest_route=\/wp\/v2\/pages\/156\/revisions"}],"predecessor-version":[{"id":4696,"href":"https:\/\/creche-enfanfare.fr\/index.php?rest_route=\/wp\/v2\/pages\/156\/revisions\/4696"}],"wp:attachment":[{"href":"https:\/\/creche-enfanfare.fr\/index.php?rest_route=%2Fwp%2Fv2%2Fmedia&parent=156"}],"curies":[{"name":"wp","href":"https:\/\/api.w.org\/{rel}","templated":true}]}}