{"id":177,"date":"2017-07-27T14:19:49","date_gmt":"2017-07-27T12:19:49","guid":{"rendered":"http:\/\/creche-enfanfare.fr\/?page_id=177"},"modified":"2026-02-20T10:29:13","modified_gmt":"2026-02-20T09:29:13","slug":"laccueil-temporaire","status":"publish","type":"page","link":"https:\/\/creche-enfanfare.fr\/?page_id=177","title":{"rendered":"L&rsquo;accueil temporaire"},"content":{"rendered":"<p>L&rsquo;accueil temporaire concerne \u00e0 la fois l&rsquo;accueil occasionnel et l&rsquo;accueil d&rsquo;urgence.<\/p>\n<p><strong>L\u2019accueil occasionnel<\/strong> a pour objet d\u2019accueillir un enfant de fa\u00e7on ponctuelle. Cet accueil n\u2019a pas un rythme r\u00e9gulier et n\u2019est possible que si des places sont disponibles. Sa dur\u00e9e va de quelques heures \u00e0 la journ\u00e9e. La tarification se fait \u00e0 l\u2019heure.<\/p>\n<p>Les heures de pr\u00e9sence seront factur\u00e9es, ainsi que celles annul\u00e9es le jour m\u00eame. Toute heure commenc\u00e9e est due.<\/p>\n<p><span style=\"color: #800080;\">Pour une premi\u00e8re demande, merci de nous envoyer un mail \u00e0 contact@creche-enfanfare.fr<\/span>.<\/p>\n<p>Nous pourrons vous donner nos disponibilit\u00e9s\u00a0en fonction des places laiss\u00e9es vacantes par l&rsquo;accueil r\u00e9gulier.<\/p>\n<p><strong>L&rsquo;accueil d&rsquo;urgence<\/strong> concerne les familles n&rsquo;ayant pas pu anticiper leurs besoins. Il se fait sur une courte dur\u00e9e. L&rsquo;accueil n&rsquo;est pas possible qu&rsquo;en fonction des\u00a0places laiss\u00e9es vacantes par l&rsquo;accueil r\u00e9gulier.<\/p>\n","protected":false},"excerpt":{"rendered":"<p>L&rsquo;accueil temporaire concerne \u00e0 la fois l&rsquo;accueil occasionnel et l&rsquo;accueil d&rsquo;urgence. L\u2019accueil occasionnel a pour objet d\u2019accueillir un enfant de fa\u00e7on ponctuelle. Cet accueil n\u2019a pas un rythme r\u00e9gulier et n\u2019est possible que si des places sont disponibles. Sa dur\u00e9e va de quelques heures \u00e0 la journ\u00e9e. La tarification se fait \u00e0 l\u2019heure. Les heures [&hellip;]<\/p>\n","protected":false},"author":1,"featured_media":0,"parent":0,"menu_order":0,"comment_status":"closed","ping_status":"closed","template":"","meta":{"footnotes":""},"_links":{"self":[{"href":"https:\/\/creche-enfanfare.fr\/index.php?rest_route=\/wp\/v2\/pages\/177"}],"collection":[{"href":"https:\/\/creche-enfanfare.fr\/index.php?rest_route=\/wp\/v2\/pages"}],"about":[{"href":"https:\/\/creche-enfanfare.fr\/index.php?rest_route=\/wp\/v2\/types\/page"}],"author":[{"embeddable":true,"href":"https:\/\/creche-enfanfare.fr\/index.php?rest_route=\/wp\/v2\/users\/1"}],"replies":[{"embeddable":true,"href":"https:\/\/creche-enfanfare.fr\/index.php?rest_route=%2Fwp%2Fv2%2Fcomments&post=177"}],"version-history":[{"count":3,"href":"https:\/\/creche-enfanfare.fr\/index.php?rest_route=\/wp\/v2\/pages\/177\/revisions"}],"predecessor-version":[{"id":4694,"href":"https:\/\/creche-enfanfare.fr\/index.php?rest_route=\/wp\/v2\/pages\/177\/revisions\/4694"}],"wp:attachment":[{"href":"https:\/\/creche-enfanfare.fr\/index.php?rest_route=%2Fwp%2Fv2%2Fmedia&parent=177"}],"curies":[{"name":"wp","href":"https:\/\/api.w.org\/{rel}","templated":true}]}}