{"id":189,"date":"2017-07-27T14:47:47","date_gmt":"2017-07-27T12:47:47","guid":{"rendered":"http:\/\/creche-enfanfare.fr\/?page_id=189"},"modified":"2017-07-27T14:47:47","modified_gmt":"2017-07-27T12:47:47","slug":"le-conseil-dadministration","status":"publish","type":"page","link":"https:\/\/creche-enfanfare.fr\/?page_id=189","title":{"rendered":"Le conseil d&rsquo;administration"},"content":{"rendered":"<p>Le Conseil d\u2019administration est compos\u00e9 de 3 \u00e0 12 membres administrateurs\u00a0:<\/p>\n<ul>\n<li style=\"list-style-type: none;\">\n<ul>\n<li>1 pr\u00e9sident, 1 secr\u00e9taire, 1 tr\u00e9sorier,<\/li>\n<li>1 vice-pr\u00e9sident, 1 vice-secr\u00e9taire, 1 vice-tr\u00e9sorier<\/li>\n<li>6 administrateurs.<\/li>\n<\/ul>\n<\/li>\n<\/ul>\n<p>De mani\u00e8re g\u00e9n\u00e9rale, il a vocation \u00e0 g\u00e9rer les grandes orientations de l\u2019association, les questions n\u00e9cessaires au bon fonctionnement et il en d\u00e9termine les choix strat\u00e9giques.<\/p>\n<p>Il se r\u00e9unit 1 fois toutes les 6 semaines, de 20h30 \u00e0 22h30, au sein de la structure.<\/p>\n<p>Le calendrier est \u00e9tabli pour l\u2019ann\u00e9e enti\u00e8re.<\/p>\n<p><strong><span style=\"color: #99cc00;\">NOUS AVONS BESOIN DE VOTRE PRESENCE !!!<\/span><\/strong><\/p>\n","protected":false},"excerpt":{"rendered":"<p>Le Conseil d\u2019administration est compos\u00e9 de 3 \u00e0 12 membres administrateurs\u00a0: 1 pr\u00e9sident, 1 secr\u00e9taire, 1 tr\u00e9sorier, 1 vice-pr\u00e9sident, 1 vice-secr\u00e9taire, 1 vice-tr\u00e9sorier 6 administrateurs. De mani\u00e8re g\u00e9n\u00e9rale, il a vocation \u00e0 g\u00e9rer les grandes orientations de l\u2019association, les questions n\u00e9cessaires au bon fonctionnement et il en d\u00e9termine les choix strat\u00e9giques. Il se r\u00e9unit 1 [&hellip;]<\/p>\n","protected":false},"author":1,"featured_media":0,"parent":0,"menu_order":0,"comment_status":"closed","ping_status":"closed","template":"","meta":{"footnotes":""},"_links":{"self":[{"href":"https:\/\/creche-enfanfare.fr\/index.php?rest_route=\/wp\/v2\/pages\/189"}],"collection":[{"href":"https:\/\/creche-enfanfare.fr\/index.php?rest_route=\/wp\/v2\/pages"}],"about":[{"href":"https:\/\/creche-enfanfare.fr\/index.php?rest_route=\/wp\/v2\/types\/page"}],"author":[{"embeddable":true,"href":"https:\/\/creche-enfanfare.fr\/index.php?rest_route=\/wp\/v2\/users\/1"}],"replies":[{"embeddable":true,"href":"https:\/\/creche-enfanfare.fr\/index.php?rest_route=%2Fwp%2Fv2%2Fcomments&post=189"}],"version-history":[{"count":1,"href":"https:\/\/creche-enfanfare.fr\/index.php?rest_route=\/wp\/v2\/pages\/189\/revisions"}],"predecessor-version":[{"id":191,"href":"https:\/\/creche-enfanfare.fr\/index.php?rest_route=\/wp\/v2\/pages\/189\/revisions\/191"}],"wp:attachment":[{"href":"https:\/\/creche-enfanfare.fr\/index.php?rest_route=%2Fwp%2Fv2%2Fmedia&parent=189"}],"curies":[{"name":"wp","href":"https:\/\/api.w.org\/{rel}","templated":true}]}}