{"id":237,"date":"2017-11-20T17:23:10","date_gmt":"2017-11-20T16:23:10","guid":{"rendered":"http:\/\/creche-enfanfare.fr\/?page_id=237"},"modified":"2024-10-23T12:49:26","modified_gmt":"2024-10-23T10:49:26","slug":"articles","status":"publish","type":"page","link":"https:\/\/creche-enfanfare.fr\/?page_id=237","title":{"rendered":"Documents \u00e0 t\u00e9l\u00e9charger"},"content":{"rendered":"\n<div class=\"wp-block-columns is-layout-flex wp-container-core-columns-is-layout-1 wp-block-columns-is-layout-flex\">\n<div class=\"wp-block-column is-layout-flow wp-block-column-is-layout-flow\" style=\"flex-basis:100%\">\n<div class=\"wp-block-group\"><div class=\"wp-block-group__inner-container is-layout-flow wp-block-group-is-layout-flow\">\n<div data-wp-interactive=\"core\/file\" class=\"wp-block-file\"><object data-wp-bind--hidden=\"!state.hasPdfPreview\"  class=\"wp-block-file__embed\" data=\"https:\/\/creche-enfanfare.fr\/wp-content\/uploads\/2024\/10\/REGLEMENT-DE-FONCTIONNEMENT-DE-LA-CRECHE-ENFANFARE-janv-24.pdf\" type=\"application\/pdf\" style=\"width:100%;height:600px\" aria-label=\"Contenu embarqu\u00e9 REGLEMENT-DE-FONCTIONNEMENT-DE-LA-CRECHE-ENFANFARE-janv-24.\"><\/object><a id=\"wp-block-file--media-2e076ca8-de72-4b43-aff1-b154b755da7e\" href=\"https:\/\/creche-enfanfare.fr\/wp-content\/uploads\/2024\/10\/REGLEMENT-DE-FONCTIONNEMENT-DE-LA-CRECHE-ENFANFARE-janv-24.pdf\">REGLEMENT-DE-FONCTIONNEMENT-DE-LA-CRECHE-ENFANFARE-janv-24<\/a><a href=\"https:\/\/creche-enfanfare.fr\/wp-content\/uploads\/2024\/10\/REGLEMENT-DE-FONCTIONNEMENT-DE-LA-CRECHE-ENFANFARE-janv-24.pdf\" class=\"wp-block-file__button wp-element-button\" download aria-describedby=\"wp-block-file--media-2e076ca8-de72-4b43-aff1-b154b755da7e\">T\u00e9l\u00e9charger<\/a><\/div>\n<\/div><\/div>\n<\/div>\n<\/div>\n\n\n\n<p><\/p>\n\n\n\n<p><\/p>\n","protected":false},"excerpt":{"rendered":"","protected":false},"author":1,"featured_media":0,"parent":0,"menu_order":0,"comment_status":"closed","ping_status":"closed","template":"","meta":{"footnotes":""},"_links":{"self":[{"href":"https:\/\/creche-enfanfare.fr\/index.php?rest_route=\/wp\/v2\/pages\/237"}],"collection":[{"href":"https:\/\/creche-enfanfare.fr\/index.php?rest_route=\/wp\/v2\/pages"}],"about":[{"href":"https:\/\/creche-enfanfare.fr\/index.php?rest_route=\/wp\/v2\/types\/page"}],"author":[{"embeddable":true,"href":"https:\/\/creche-enfanfare.fr\/index.php?rest_route=\/wp\/v2\/users\/1"}],"replies":[{"embeddable":true,"href":"https:\/\/creche-enfanfare.fr\/index.php?rest_route=%2Fwp%2Fv2%2Fcomments&post=237"}],"version-history":[{"count":30,"href":"https:\/\/creche-enfanfare.fr\/index.php?rest_route=\/wp\/v2\/pages\/237\/revisions"}],"predecessor-version":[{"id":2112,"href":"https:\/\/creche-enfanfare.fr\/index.php?rest_route=\/wp\/v2\/pages\/237\/revisions\/2112"}],"wp:attachment":[{"href":"https:\/\/creche-enfanfare.fr\/index.php?rest_route=%2Fwp%2Fv2%2Fmedia&parent=237"}],"curies":[{"name":"wp","href":"https:\/\/api.w.org\/{rel}","templated":true}]}}