{"id":68,"date":"2017-07-25T18:49:41","date_gmt":"2017-07-25T16:49:41","guid":{"rendered":"http:\/\/creche-enfanfare.fr\/?page_id=68"},"modified":"2025-09-25T10:21:56","modified_gmt":"2025-09-25T08:21:56","slug":"la-participation-des-familles","status":"publish","type":"page","link":"https:\/\/creche-enfanfare.fr\/?page_id=68","title":{"rendered":"La participation des familles"},"content":{"rendered":"<p><img loading=\"lazy\" decoding=\"async\" class=\"alignnone size-full wp-image-58\" src=\"https:\/\/creche-enfanfare.fr\/wp-content\/uploads\/2017\/07\/image2.jpg\" alt=\"\" width=\"259\" height=\"104\" \/><\/p>\n<p><span style=\"font-family: Trebuchet MS;\">La cr\u00e8che ENFANFARE est une structure <span style=\"color: #cc0066;\"><b>associative<\/b>.<\/span> De ce fait, la place des parents est pr\u00e9pond\u00e9rante dans la structure.<\/span><\/p>\n<p><span style=\"font-family: Trebuchet MS;\">Ils sont <b><span style=\"color: #99cc00;\">parents<\/span>,<\/b> <b><span style=\"color: #99cc00;\">membres<\/span><\/b> de l&rsquo;association et <b><span style=\"color: #99cc00;\">employeurs<\/span><\/b> de l&rsquo;\u00e9quipe.<br \/>\nLeur engagement est d\u00e9terminant pour entretenir la structure sur un plan <b><span style=\"color: #cc0066;\">mat\u00e9riel<\/span><\/b> et <span style=\"color: #cc0066;\"><b>humain<\/b><\/span>.<\/span><\/p>\n<p><u><span style=\"font-family: Trebuchet MS;\">Les parents sont <b>acteurs<\/b> dans la vie de la cr\u00e8che :<br \/>\n<\/span><\/u><\/p>\n<ul>\n<li><span style=\"font-family: Trebuchet MS;\">La directrice collabore avec le <span style=\"color: #99cc00;\"><b>Conseil d&rsquo;Administration<\/b><\/span> pour g\u00e9rer financi\u00e8rement la structure, les salari\u00e9s, le fonctionnement.<\/span><span style=\"font-family: Trebuchet MS;\"><br \/>\n<\/span><\/li>\n<\/ul>\n<ul>\n<li><span style=\"font-family: Trebuchet MS;\">La directrice propose des temps de bricolage o\u00f9 les <b><span style=\"color: #cc0066;\">comp\u00e9tences de chacun<\/span><\/b> sont mobilis\u00e9es pour <b><span style=\"color: #99cc00;\">restaurer<\/span><\/b> et <b>entretenir<\/b> la cr\u00e8che. Ces temps de b\u00e9n\u00e9volat sont des moments d&rsquo;\u00e9changes privil\u00e9gi\u00e9s et <span style=\"color: #cc0066;\"><b>cr\u00e9ateurs de lien social<\/b><\/span><\/span><\/li>\n<\/ul>\n","protected":false},"excerpt":{"rendered":"<p>La cr\u00e8che ENFANFARE est une structure associative. De ce fait, la place des parents est pr\u00e9pond\u00e9rante dans la structure. Ils sont parents, membres de l&rsquo;association et employeurs de l&rsquo;\u00e9quipe. Leur engagement est d\u00e9terminant pour entretenir la structure sur un plan mat\u00e9riel et humain. Les parents sont acteurs dans la vie de la cr\u00e8che : La [&hellip;]<\/p>\n","protected":false},"author":1,"featured_media":0,"parent":0,"menu_order":0,"comment_status":"closed","ping_status":"closed","template":"","meta":{"footnotes":""},"_links":{"self":[{"href":"https:\/\/creche-enfanfare.fr\/index.php?rest_route=\/wp\/v2\/pages\/68"}],"collection":[{"href":"https:\/\/creche-enfanfare.fr\/index.php?rest_route=\/wp\/v2\/pages"}],"about":[{"href":"https:\/\/creche-enfanfare.fr\/index.php?rest_route=\/wp\/v2\/types\/page"}],"author":[{"embeddable":true,"href":"https:\/\/creche-enfanfare.fr\/index.php?rest_route=\/wp\/v2\/users\/1"}],"replies":[{"embeddable":true,"href":"https:\/\/creche-enfanfare.fr\/index.php?rest_route=%2Fwp%2Fv2%2Fcomments&post=68"}],"version-history":[{"count":3,"href":"https:\/\/creche-enfanfare.fr\/index.php?rest_route=\/wp\/v2\/pages\/68\/revisions"}],"predecessor-version":[{"id":4010,"href":"https:\/\/creche-enfanfare.fr\/index.php?rest_route=\/wp\/v2\/pages\/68\/revisions\/4010"}],"wp:attachment":[{"href":"https:\/\/creche-enfanfare.fr\/index.php?rest_route=%2Fwp%2Fv2%2Fmedia&parent=68"}],"curies":[{"name":"wp","href":"https:\/\/api.w.org\/{rel}","templated":true}]}}