{"id":75,"date":"2017-07-27T11:54:07","date_gmt":"2017-07-27T09:54:07","guid":{"rendered":"http:\/\/creche-enfanfare.fr\/?page_id=75"},"modified":"2023-02-21T10:34:09","modified_gmt":"2023-02-21T09:34:09","slug":"accueil-2","status":"publish","type":"page","link":"https:\/\/creche-enfanfare.fr\/?page_id=75","title":{"rendered":"Informations g\u00e9n\u00e9rales"},"content":{"rendered":"<p><b><u>Horaires d&rsquo;ouvertures :<\/u><\/b><br \/>\nLa Cr\u00e8che accueille les familles du lundi au vendredi de 7h45 \u00e0 18h45.<\/p>\n<p><b><u>Les familles accueillies :<\/u><\/b><br \/>\nLa cr\u00e8che dispose de 4<b>0 places \u00e9<\/b>quivalent temps plein (environ 50 familles) pour des enfants \u00e2g\u00e9s de 10 semaines \u00e0 4 ans.<br \/>\nLes parents sont domicili\u00e9s \u00e0 <b>Nantes<\/b>.<\/p>\n<p><b><u>La r\u00e9glementation de la Cr\u00e8che :<\/u><\/b><br \/>\nLa Cr\u00e8che Enfanfare est une <b>cr\u00e8che associative<\/b> r\u00e9gie par la Loi 1901, la l\u00e9gislation en vigueur concernant les \u00e9tablissements d&rsquo;accueil de la Petite Enfance, la Convention sign\u00e9e avec la Ville de Nantes, les instructions en vigueur de la Caisse Nationale des Allocations Familiales et du Conseil G\u00e9n\u00e9ral de Loire-Atlantique (PMI) et le R\u00e8glement Int\u00e9rieur.<\/p>\n","protected":false},"excerpt":{"rendered":"<p>Horaires d&rsquo;ouvertures : La Cr\u00e8che accueille les familles du lundi au vendredi de 7h45 \u00e0 18h45. Les familles accueillies : La cr\u00e8che dispose de 40 places \u00e9quivalent temps plein (environ 50 familles) pour des enfants \u00e2g\u00e9s de 10 semaines \u00e0 4 ans. Les parents sont domicili\u00e9s \u00e0 Nantes. La r\u00e9glementation de la Cr\u00e8che : La [&hellip;]<\/p>\n","protected":false},"author":1,"featured_media":0,"parent":0,"menu_order":0,"comment_status":"closed","ping_status":"closed","template":"","meta":{"footnotes":""},"_links":{"self":[{"href":"https:\/\/creche-enfanfare.fr\/index.php?rest_route=\/wp\/v2\/pages\/75"}],"collection":[{"href":"https:\/\/creche-enfanfare.fr\/index.php?rest_route=\/wp\/v2\/pages"}],"about":[{"href":"https:\/\/creche-enfanfare.fr\/index.php?rest_route=\/wp\/v2\/types\/page"}],"author":[{"embeddable":true,"href":"https:\/\/creche-enfanfare.fr\/index.php?rest_route=\/wp\/v2\/users\/1"}],"replies":[{"embeddable":true,"href":"https:\/\/creche-enfanfare.fr\/index.php?rest_route=%2Fwp%2Fv2%2Fcomments&post=75"}],"version-history":[{"count":5,"href":"https:\/\/creche-enfanfare.fr\/index.php?rest_route=\/wp\/v2\/pages\/75\/revisions"}],"predecessor-version":[{"id":375,"href":"https:\/\/creche-enfanfare.fr\/index.php?rest_route=\/wp\/v2\/pages\/75\/revisions\/375"}],"wp:attachment":[{"href":"https:\/\/creche-enfanfare.fr\/index.php?rest_route=%2Fwp%2Fv2%2Fmedia&parent=75"}],"curies":[{"name":"wp","href":"https:\/\/api.w.org\/{rel}","templated":true}]}}